{"id":5442,"date":"2019-06-13T07:24:06","date_gmt":"2019-06-13T07:24:06","guid":{"rendered":"https:\/\/www.gavias-theme.com\/wp\/indutri\/?page_id=5442"},"modified":"2024-08-13T15:25:05","modified_gmt":"2024-08-13T12:25:05","slug":"company-overview","status":"publish","type":"page","link":"https:\/\/maxglobal.com.tr\/?page_id=5442","title":{"rendered":"Max Global"},"content":{"rendered":"\t\t<div data-elementor-type=\"wp-post\" data-elementor-id=\"5442\" class=\"elementor elementor-5442\">\n\t\t\t\t<div class=\"elementor-element elementor-element-fce794c e-flex e-con-boxed e-con e-parent\" data-id=\"fce794c\" data-element_type=\"container\">\n\t\t\t\t\t<div class=\"e-con-inner\">\n\t\t<div class=\"elementor-element elementor-element-85d4d78 e-con-full e-flex e-con e-child\" data-id=\"85d4d78\" data-element_type=\"container\">\n\t\t\t\t<div class=\"elementor-element elementor-element-bdc066f elementor-widget elementor-widget-text-editor\" data-id=\"bdc066f\" data-element_type=\"widget\" data-widget_type=\"text-editor.default\">\n\t\t\t\t<div class=\"elementor-widget-container\">\n\t\t\t\t\t\t\t\t\t<h4><strong>M\u00fc\u015fterilerine huzurlu, g\u00fcvenli, \u00e7a\u011fda\u015f mekanlar sunmak &#8230;<\/strong><\/h4><p>Tecr\u00fcbeli teknik kadrosu ile \u00e7al\u0131\u015fmalar\u0131n\u0131 s\u00fcrd\u00fcren Max Global , faaliyetlerine ba\u015flad\u0131\u011f\u0131 ilk g\u00fcnden beri kalitesinden \u00f6d\u00fcn vermeyerek, geli\u015fmesini h\u0131zla s\u00fcrd\u00fcrm\u00fc\u015ft\u00fcr.<\/p><p>Do\u011fruluk, D\u00fcr\u00fcstl\u00fck ve a\u00e7\u0131kl\u0131k ilkelerini benimseyerek; m\u00fc\u015fterileri i\u00e7in en do\u011fru \u00e7\u00f6z\u00fcmleri \u00fcreterek, modern \u00e7a\u011f\u0131m\u0131z\u0131n ihtiya\u00e7lar\u0131na kar\u015f\u0131l\u0131k verebilecek en do\u011fru \u00e7\u00f6z\u00fcmleri sunmaktad\u0131r.<\/p><p>Gerek konut, gerekse i\u015f alanlar\u0131 i\u00e7in; konforlu ve kaliteli in\u015faat dendi\u011finde tercih edilen isimlerin ba\u015f\u0131nda yer alan Max Global \u0130n\u015faat; m\u00fc\u015fterilerinin talepleri ile de orant\u0131l\u0131 olarak, \u00e7ok say\u0131da projeye imza atm\u0131\u015ft\u0131r.<\/p><p>Bug\u00fcn modern \u00e7a\u011f\u0131n tasar\u0131m ve teknolojilerinden yararlanarak, ulusal alanda b\u00fcy\u00fck projelere imza atmaktad\u0131r<\/p><p>Amac\u0131m\u0131z; m\u00fc\u015fterilerimize en do\u011fru \u00e7\u00f6z\u00fcm\u00fc, en do\u011fru kaynakla, en do\u011fru \u015fekilde sunmakt\u0131r.<\/p>\t\t\t\t\t\t\t\t<\/div>\n\t\t\t\t<\/div>\n\t\t\t\t<\/div>\n\t\t<div class=\"elementor-element elementor-element-2cd2daa e-con-full e-flex e-con e-child\" data-id=\"2cd2daa\" data-element_type=\"container\">\n\t\t\t\t<div class=\"elementor-element elementor-element-d840e3b elementor-widget elementor-widget-image\" data-id=\"d840e3b\" data-element_type=\"widget\" data-widget_type=\"image.default\">\n\t\t\t\t<div class=\"elementor-widget-container\">\n\t\t\t\t\t\t\t\t\t\t\t\t\t\t\t<img fetchpriority=\"high\" decoding=\"async\" width=\"900\" height=\"599\" src=\"https:\/\/maxglobal.com.tr\/wp-content\/uploads\/2024\/08\/VanSchendel-Construction-1024x682.jpeg\" class=\"attachment-large size-large wp-image-11018\" alt=\"\" srcset=\"https:\/\/maxglobal.com.tr\/wp-content\/uploads\/2024\/08\/VanSchendel-Construction-1024x682.jpeg 1024w, https:\/\/maxglobal.com.tr\/wp-content\/uploads\/2024\/08\/VanSchendel-Construction-768x512.jpeg 768w, https:\/\/maxglobal.com.tr\/wp-content\/uploads\/2024\/08\/VanSchendel-Construction.jpeg 2000w\" sizes=\"(max-width: 900px) 100vw, 900px\" \/>\t\t\t\t\t\t\t\t\t\t\t\t\t\t\t<\/div>\n\t\t\t\t<\/div>\n\t\t\t\t<\/div>\n\t\t\t\t\t<\/div>\n\t\t\t\t<\/div>\n\t\t\t\t<section class=\"elementor-section elementor-top-section elementor-element elementor-element-f128c41 elementor-section-boxed elementor-section-height-default elementor-section-height-default\" data-id=\"f128c41\" data-element_type=\"section\">\n\t\t\t\t\t\t<div class=\"elementor-container elementor-column-gap-default\">\n\t\t\t\t\t<div class=\"elementor-column elementor-col-100 elementor-top-column elementor-element elementor-element-da40339 top column-style-top\" data-id=\"da40339\" data-element_type=\"column\">\n\t\t\t<div class=\"elementor-widget-wrap elementor-element-populated\">\n\t\t\t\t\t\t<section class=\"elementor-section elementor-inner-section elementor-element elementor-element-85deebf elementor-section-boxed elementor-section-height-default elementor-section-height-default\" data-id=\"85deebf\" data-element_type=\"section\">\n\t\t\t\t\t\t<div class=\"elementor-container elementor-column-gap-default\">\n\t\t\t\t\t<div class=\"elementor-column elementor-col-50 elementor-inner-column elementor-element elementor-element-c18a819 top column-style-top\" data-id=\"c18a819\" data-element_type=\"column\">\n\t\t\t<div class=\"elementor-widget-wrap elementor-element-populated\">\n\t\t\t\t\t\t<div class=\"elementor-element elementor-element-732e elementor-widget elementor-widget-gva-icon-box-styles\" data-id=\"732e\" data-element_type=\"widget\" data-widget_type=\"gva-icon-box-styles.default\">\n\t\t\t\t<div class=\"elementor-widget-container\">\n\t\t\t\t\t<div class=\"gva-element-gva-icon-box-styles gva-element\">\r\n   \r\n\r\n         <div class=\"widget gsc-icon-box-styles style-2\">\r\n                     <div class=\"icon-inner\">\r\n                       <a href=\"https:\/\/previewgavias.com\/wp\/codesk\/?page_id=7518\">\r\n                                               <span class=\"box-icon\">\r\n                        <i aria-hidden=\"true\" class=\"fi flaticon-industry\"><\/i>                     <\/span>\r\n                                 <\/a>            <\/div>\r\n         \r\n                     <h3 class=\"title\">\r\n                       <a href=\"https:\/\/previewgavias.com\/wp\/codesk\/?page_id=7518\">\r\n                          Vizyonumuz               <\/a>      \r\n            <\/h3>\r\n                  <div class=\"content-inner\">\r\n                           <div class=\"desc\">M\u00fc\u015fteri memnuniyetini her\u015feyin \u00fczerinde tutmak.\nDe\u011fi\u015fime ve geli\u015fime a\u00e7\u0131k olmak.\nYapt\u0131\u011f\u0131 i\u015fte en iyisini ger\u00e7ekle\u015ftirdi\u011fine dair inan\u00e7l\u0131 ve hevesli olmak.\nEn \u00f6nemli Sermayemizin insan kayna\u011f\u0131 oldu\u011funu unutmamak.\nS\u00fcrekli geli\u015fmek i\u00e7in fon, maddi kaynak ve nitelikli i\u015f g\u00fcc\u00fc yaratmak.\n\u0130\u015fimizle ilgili \u00fcst\u00fcn bir etik ve moral anlay\u0131\u015fa sahip olmak.\n\u015eirketimizin i\u015f k\u00fclt\u00fcr\u00fcnun, itibar\u0131n\u0131n ve ideallerinin, ki\u015fisel kazan\u00e7lar\u0131m\u0131z\u0131n \u00f6n\u00fcnde geldi\u011fini bilmek.\nAst-\u00fcst ili\u015fkilerinde ho\u015fg\u00f6r\u00fc, demokrasi ve ideallere sayg\u0131 g\u00f6stermek.<\/div>\r\n                     <\/div>\r\n      <\/div> \r\n      \r\n\r\n\r\n<\/div>\t\t\t\t<\/div>\n\t\t\t\t<\/div>\n\t\t\t\t\t<\/div>\n\t\t<\/div>\n\t\t\t\t<div class=\"elementor-column elementor-col-50 elementor-inner-column elementor-element elementor-element-8bc6f59 top column-style-top\" data-id=\"8bc6f59\" data-element_type=\"column\">\n\t\t\t<div class=\"elementor-widget-wrap elementor-element-populated\">\n\t\t\t\t\t\t<div class=\"elementor-element elementor-element-5c elementor-widget elementor-widget-gva-icon-box-styles\" data-id=\"5c\" data-element_type=\"widget\" data-widget_type=\"gva-icon-box-styles.default\">\n\t\t\t\t<div class=\"elementor-widget-container\">\n\t\t\t\t\t<div class=\"gva-element-gva-icon-box-styles gva-element\">\r\n   \r\n\r\n         <div class=\"widget gsc-icon-box-styles style-2\">\r\n                     <div class=\"icon-inner\">\r\n                       <a href=\"https:\/\/previewgavias.com\/wp\/codesk\/?page_id=7518\">\r\n                                               <span class=\"box-icon\">\r\n                        <i aria-hidden=\"true\" class=\"fi flaticon-factory\"><\/i>                     <\/span>\r\n                                 <\/a>            <\/div>\r\n         \r\n                     <h3 class=\"title\">\r\n                       <a href=\"https:\/\/previewgavias.com\/wp\/codesk\/?page_id=7518\">\r\n                          Misyonumuz               <\/a>      \r\n            <\/h3>\r\n                  <div class=\"content-inner\">\r\n                           <div class=\"desc\">Hizmet Kalitesi ve g\u00fcvenirli\u011finin, insanlar\u0131n hayat\u0131 ve yap\u0131lar\u0131n\u0131n \u00f6mr\u00fc ile ba\u011flant\u0131l\u0131 oldu\u011funun bilinci ile \u00e7al\u0131\u015fmak.\n\u00dcr\u00fcn ve hizmetlerimizde ahlaki kaliteyi en \u00fcstte tutarak prensiplerimizden asla \u00f6d\u00fcn vermeden kullan\u0131\u015fl\u0131  ve y\u00fcksek kaliteli binalar ve ya\u015fam alanlar\u0131 \u00fcretmek.\n\u015eirketimizin b\u00fct\u00fcn maddi ve manevi kaynaklar\u0131n\u0131 ve yeteneklerini, m\u00fckemmelli\u011fe eri\u015fmek i\u00e7in s\u00fcrekli canl\u0131 tutmak, t\u00fcm g\u00fcc\u00fcm\u00fcz\u00fc en iyi hizmet i\u00e7in seferber etmek.\nMeri\u00e7 \u0130n\u015faat\u2019\u0131 sekt\u00f6r\u00fcm\u00fcz\u00fcn sayg\u0131de\u011fer ve \u00f6rnek al\u0131nacak markalar\u0131ndan biri haline getirmek.\n%100 M\u00fc\u015fteri mutlulu\u011fu sa\u011flamak.<\/div>\r\n                     <\/div>\r\n      <\/div> \r\n      \r\n\r\n\r\n<\/div>\t\t\t\t<\/div>\n\t\t\t\t<\/div>\n\t\t\t\t\t<\/div>\n\t\t<\/div>\n\t\t\t\t\t<\/div>\n\t\t<\/section>\n\t\t\t\t\t<\/div>\n\t\t<\/div>\n\t\t\t\t\t<\/div>\n\t\t<\/section>\n\t\t\t\t<\/div>\n\t\t","protected":false},"excerpt":{"rendered":"<p>M\u00fc\u015fterilerine huzurlu, g\u00fcvenli, \u00e7a\u011fda\u015f mekanlar sunmak &#8230; Tecr\u00fcbeli teknik kadrosu ile \u00e7al\u0131\u015fmalar\u0131n\u0131 s\u00fcrd\u00fcren Max Global , faaliyetlerine ba\u015flad\u0131\u011f\u0131 ilk g\u00fcnden beri kalitesinden \u00f6d\u00fcn vermeyerek, geli\u015fmesini h\u0131zla s\u00fcrd\u00fcrm\u00fc\u015ft\u00fcr. Do\u011fruluk, D\u00fcr\u00fcstl\u00fck ve a\u00e7\u0131kl\u0131k ilkelerini benimseyerek; m\u00fc\u015fterileri i\u00e7in en do\u011fru \u00e7\u00f6z\u00fcmleri \u00fcreterek, modern \u00e7a\u011f\u0131m\u0131z\u0131n ihtiya\u00e7lar\u0131na kar\u015f\u0131l\u0131k verebilecek en do\u011fru \u00e7\u00f6z\u00fcmleri sunmaktad\u0131r. Gerek konut, gerekse i\u015f alanlar\u0131 i\u00e7in; konforlu [&hellip;]<\/p>\n","protected":false},"author":1,"featured_media":0,"parent":0,"menu_order":0,"comment_status":"closed","ping_status":"closed","template":"","meta":{"footnotes":""},"class_list":["post-5442","page","type-page","status-publish","hentry"],"_links":{"self":[{"href":"https:\/\/maxglobal.com.tr\/index.php?rest_route=\/wp\/v2\/pages\/5442","targetHints":{"allow":["GET"]}}],"collection":[{"href":"https:\/\/maxglobal.com.tr\/index.php?rest_route=\/wp\/v2\/pages"}],"about":[{"href":"https:\/\/maxglobal.com.tr\/index.php?rest_route=\/wp\/v2\/types\/page"}],"author":[{"embeddable":true,"href":"https:\/\/maxglobal.com.tr\/index.php?rest_route=\/wp\/v2\/users\/1"}],"replies":[{"embeddable":true,"href":"https:\/\/maxglobal.com.tr\/index.php?rest_route=%2Fwp%2Fv2%2Fcomments&post=5442"}],"version-history":[{"count":9,"href":"https:\/\/maxglobal.com.tr\/index.php?rest_route=\/wp\/v2\/pages\/5442\/revisions"}],"predecessor-version":[{"id":11063,"href":"https:\/\/maxglobal.com.tr\/index.php?rest_route=\/wp\/v2\/pages\/5442\/revisions\/11063"}],"wp:attachment":[{"href":"https:\/\/maxglobal.com.tr\/index.php?rest_route=%2Fwp%2Fv2%2Fmedia&parent=5442"}],"curies":[{"name":"wp","href":"https:\/\/api.w.org\/{rel}","templated":true}]}}